{"id":95,"date":"2020-09-16T20:09:58","date_gmt":"2020-09-16T20:09:58","guid":{"rendered":"https:\/\/examescomcultura.com.br\/2020\/?page_id=95"},"modified":"2025-05-16T21:13:50","modified_gmt":"2025-05-17T01:13:50","slug":"home","status":"publish","type":"page","link":"https:\/\/examescomcultura.com.br\/2020\/","title":{"rendered":"Home"},"content":{"rendered":"<p>[et_pb_section fb_built=&#8221;1&#8243; admin_label=&#8221;Banner&#8221; _builder_version=&#8221;4.6.1&#8243; _module_preset=&#8221;default&#8221; background_enable_color=&#8221;off&#8221; use_background_color_gradient=&#8221;on&#8221; background_color_gradient_start=&#8221;rgba(0,0,0,0.48)&#8221; background_color_gradient_end=&#8221;rgba(0,0,0,0.87)&#8221; background_color_gradient_overlays_image=&#8221;on&#8221; background_image=&#8221;https:\/\/examescomcultura.com.br\/2020\/wp-content\/uploads\/2020\/09\/london02.jpg&#8221; custom_margin=&#8221;||||false|false&#8221; custom_padding=&#8221;50px||0px||false|false&#8221; border_width_bottom=&#8221;3px&#8221; border_color_bottom=&#8221;#ffffff&#8221; locked=&#8221;off&#8221; collapsed=&#8221;on&#8221;][et_pb_row make_equal=&#8221;on&#8221; _builder_version=&#8221;4.6.1&#8243; _module_preset=&#8221;default&#8221; custom_margin=&#8221;||||false|false&#8221; custom_padding=&#8221;10px||10px||false|false&#8221;][et_pb_column type=&#8221;4_4&#8243; _builder_version=&#8221;4.6.1&#8243; _module_preset=&#8221;default&#8221;][et_pb_image src=&#8221;https:\/\/examescomcultura.com.br\/2020\/wp-content\/uploads\/2020\/09\/ExamesCulturaBranco.png&#8221; title_text=&#8221;ExamesCulturaBranco&#8221; align=&#8221;center&#8221; _builder_version=&#8221;4.6.1&#8243; _module_preset=&#8221;default&#8221; width=&#8221;500px&#8221; width_tablet=&#8221;&#8221; width_phone=&#8221;40vh&#8221; width_last_edited=&#8221;on|phone&#8221;][\/et_pb_image][et_pb_text disabled_on=&#8221;off|off|off&#8221; _builder_version=&#8221;4.6.1&#8243; _module_preset=&#8221;default&#8221; text_font=&#8221;Source Sans Pro||||||||&#8221; text_text_color=&#8221;#000000&#8243; text_font_size=&#8221;18px&#8221; header_font=&#8221;Source Sans Pro|900||on|||||&#8221; header_text_color=&#8221;#ffffff&#8221; header_font_size=&#8221;35px&#8221; header_3_font=&#8221;Source Sans Pro||||||||&#8221; header_3_text_color=&#8221;#ffffff&#8221; header_3_font_size=&#8221;20px&#8221; header_3_line_height=&#8221;1.4em&#8221; background_color=&#8221;rgba(10,10,10,0.42)&#8221; custom_margin=&#8221;0px|0px|0px|0px|false|false&#8221; custom_padding=&#8221;16px|16px|16px|16px|true|true&#8221; border_radii=&#8221;on|10px|10px|10px|10px&#8221; border_style_bottom=&#8221;outset&#8221; border_width_left=&#8221;8px&#8221; border_color_left=&#8221;#df0023&#8243; text_line_height__hover_enabled=&#8221;on|desktop&#8221;]<\/p>\n<h1 style=\"text-align: center;\">SEU CANAL PARA O MUNDO<\/h1>\n<h3 style=\"text-align: center;\">H\u00e1 mais de 20 anos a Cultura Inglesa Manaus tem sido refer\u00eancia no Estado no que se refere \u00e0s certifica\u00e7\u00f5es internacionais do departamento de Assessment da Universidade de Cambridge. A refer\u00eancia, credibilidade e auditorias padronizadas globalmente fizeram com que nos torn\u00e1ssemos centro de IELTS para o Norte do Pa\u00eds. Hoje oferecemos diversas certifica\u00e7\u00f5es al\u00e9m de preparat\u00f3rios espec\u00edficos para todos os perfis de candidatos com o objetivo de obterem melhores resultados.<\/h3>\n<p>[\/et_pb_text][\/et_pb_column][\/et_pb_row][et_pb_row _builder_version=&#8221;4.6.1&#8243; _module_preset=&#8221;default&#8221;][et_pb_column type=&#8221;4_4&#8243; _builder_version=&#8221;4.6.1&#8243; _module_preset=&#8221;default&#8221;][et_pb_text disabled_on=&#8221;on|on|on&#8221; _builder_version=&#8221;4.6.1&#8243; _module_preset=&#8221;default&#8221; text_font=&#8221;Source Sans Pro||||||||&#8221; text_text_color=&#8221;#ffffff&#8221; text_font_size=&#8221;16px&#8221; header_font=&#8221;Source Sans Pro|900||on|||||&#8221; header_text_color=&#8221;#ffffff&#8221; header_font_size=&#8221;35px&#8221; header_3_font=&#8221;Source Sans Pro||||||||&#8221; header_3_text_color=&#8221;#ffffff&#8221; header_3_font_size=&#8221;20px&#8221; header_3_line_height=&#8221;1.4em&#8221; text_text_shadow_style=&#8221;preset3&#8243; text_text_shadow_blur_strength=&#8221;0.5em&#8221; text_text_shadow_color=&#8221;rgba(0,0,0,0.67)&#8221; disabled=&#8221;on&#8221; text_line_height__hover_enabled=&#8221;on|desktop&#8221;]<\/p>\n<h1 style=\"text-align: center;\">International English Language Testing System (IELTS)<\/h1>\n<h3 style=\"text-align: center;\">A Cultura Inglesa \u2013 Manaus \u00e9 o centro autorizado para a aplica\u00e7\u00e3o do IELTS na regi\u00e3o norte do pa\u00eds atrav\u00e9s do British Council, organiza\u00e7\u00e3o que desenvolve os testes em parceria com o IDP Australia e Universidade de Cambridge.<\/h3>\n<p>[\/et_pb_text][\/et_pb_column][\/et_pb_row][\/et_pb_section][et_pb_section fb_built=&#8221;1&#8243; admin_label=&#8221;Cards&#8221; _builder_version=&#8221;4.6.1&#8243; _module_preset=&#8221;default&#8221; background_enable_color=&#8221;off&#8221; use_background_color_gradient=&#8221;on&#8221; background_color_gradient_start=&#8221;#df0023&#8243; background_color_gradient_end=&#8221;#df0023&#8243; background_color_gradient_overlays_image=&#8221;on&#8221; background_enable_image=&#8221;off&#8221; custom_margin=&#8221;0px||0px||false|false&#8221; custom_padding=&#8221;||||false|false&#8221; border_width_bottom=&#8221;3px&#8221; border_color_bottom=&#8221;#ffffff&#8221; collapsed=&#8221;on&#8221;][et_pb_row make_equal=&#8221;on&#8221; _builder_version=&#8221;4.6.1&#8243; _module_preset=&#8221;default&#8221; custom_margin=&#8221;||||false|false&#8221; custom_padding=&#8221;10px||10px||false|false&#8221;][et_pb_column type=&#8221;4_4&#8243; _builder_version=&#8221;4.6.1&#8243; _module_preset=&#8221;default&#8221;][et_pb_image src=&#8221;https:\/\/examescomcultura.com.br\/2020\/wp-content\/uploads\/2020\/09\/ExamesCulturaBranco.png&#8221; title_text=&#8221;ExamesCulturaBranco&#8221; align=&#8221;center&#8221; disabled_on=&#8221;on|on|on&#8221; _builder_version=&#8221;4.6.1&#8243; _module_preset=&#8221;default&#8221; width=&#8221;500px&#8221; width_tablet=&#8221;&#8221; width_phone=&#8221;40vh&#8221; width_last_edited=&#8221;on|phone&#8221; disabled=&#8221;on&#8221;][\/et_pb_image][et_pb_button button_url=&#8221;https:\/\/culturainglesamanaus.com.br\/2020\/&#8221; button_text=&#8221;Ir para para Cultura Inglesa Manaus&#8221; disabled_on=&#8221;on|on|on&#8221; _builder_version=&#8221;4.6.1&#8243; _module_preset=&#8221;_initial&#8221; disabled=&#8221;on&#8221;][\/et_pb_button][\/et_pb_column][\/et_pb_row][et_pb_row column_structure=&#8221;1_3,1_3,1_3&#8243; make_equal=&#8221;on&#8221; disabled_on=&#8221;off|off|off&#8221; _builder_version=&#8221;4.6.1&#8243; _module_preset=&#8221;default&#8221;][et_pb_column type=&#8221;1_3&#8243; _builder_version=&#8221;4.6.1&#8243; _module_preset=&#8221;default&#8221; background_color=&#8221;#ffffff&#8221; custom_padding=&#8221;20px|20px|20px|20px|false|false&#8221; border_radii=&#8221;on|10px|10px|10px|10px&#8221; border_width_all=&#8221;1px&#8221; border_color_all=&#8221;#df0023&#8243; box_shadow_style=&#8221;preset3&#8243; box_shadow_color=&#8221;rgba(0,0,0,0.72)&#8221;][et_pb_image src=&#8221;https:\/\/examescomcultura.com.br\/2020\/wp-content\/uploads\/2023\/05\/English-AEC-logo-Pos-RGB.png&#8221; title_text=&#8221;English AEC logo Pos RGB&#8221; url=&#8221;https:\/\/examescomcultura.com.br\/2020\/cambridge-assessment-2\/&#8221; url_new_window=&#8221;on&#8221; _builder_version=&#8221;4.6.1&#8243; _module_preset=&#8221;default&#8221; locked=&#8221;off&#8221;][\/et_pb_image][et_pb_text _builder_version=&#8221;4.6.1&#8243; _module_preset=&#8221;default&#8221;]<\/p>\n<h4 style=\"text-align: left;\"><strong>CAMBRIDGE ASSESSMENT<\/strong><\/h4>\n<p style=\"text-align: left;\"><span>Os certificados de Cambridge Assessment English ajudam voc\u00ea a comprovar a sua compet\u00eancia para o mundo. S\u00e3o reconhecidos em mais de 150 pa\u00edses e garantem o seu acesso a vagas de emprego e em cursos de gradua\u00e7\u00e3o e p\u00f3s-gradua\u00e7\u00e3o.<\/span><\/p>\n<p>[\/et_pb_text][et_pb_button button_url=&#8221;https:\/\/examescomcultura.com.br\/2020\/cambridge-assessment-2\/&#8221; button_text=&#8221;Saiba mais&#8221; _builder_version=&#8221;4.6.1&#8243; _module_preset=&#8221;default&#8221;][\/et_pb_button][\/et_pb_column][et_pb_column type=&#8221;1_3&#8243; disabled_on=&#8221;off|off|off&#8221; _builder_version=&#8221;4.6.1&#8243; _module_preset=&#8221;default&#8221; background_color=&#8221;#ffffff&#8221; custom_padding=&#8221;20px|20px|20px|20px|false|false&#8221; border_radii=&#8221;on|10px|10px|10px|10px&#8221; border_width_all=&#8221;1px&#8221; border_color_all=&#8221;#df0023&#8243; box_shadow_style=&#8221;preset3&#8243; box_shadow_color=&#8221;rgba(0,0,0,0.72)&#8221;][et_pb_image src=&#8221;https:\/\/examescomcultura.com.br\/2020\/wp-content\/uploads\/2025\/05\/CambridgeEnglish.jpeg&#8221; title_text=&#8221;CambridgeEnglish&#8221; url=&#8221;https:\/\/examescomcultura.com.br\/2020\/proficiencia-suficiencia-cultura-inglesa\/&#8221; url_new_window=&#8221;on&#8221; _builder_version=&#8221;4.6.1&#8243; _module_preset=&#8221;default&#8221; border_radii=&#8221;on|10px|10px|10px|10px&#8221; locked=&#8221;off&#8221;][\/et_pb_image][et_pb_text _builder_version=&#8221;4.6.1&#8243; _module_preset=&#8221;default&#8221;]<\/p>\n<h4 style=\"text-align: left;\"><strong><span style=\"color: #000000;\">LINGUASKILL<\/span><\/strong><\/h4>\n<p style=\"text-align: left;\">Linguaskill avalia as habilidades de leitura, escrita, compreens\u00e3o oral e express\u00e3o oral em ingl\u00eas. Isso oferece uma avalia\u00e7\u00e3o completa da profici\u00eancia do candidato em todas as \u00e1reas do idioma.<\/p>\n<p>[\/et_pb_text][et_pb_button button_url=&#8221;https:\/\/examescomcultura.com.br\/2020\/linguaskill\/&#8221; button_text=&#8221;Saiba mais&#8221; _builder_version=&#8221;4.6.1&#8243; _module_preset=&#8221;default&#8221; custom_margin=&#8221;77px||||false|false&#8221; hover_enabled=&#8221;0&#8243; sticky_enabled=&#8221;0&#8243;][\/et_pb_button][\/et_pb_column][et_pb_column type=&#8221;1_3&#8243; _builder_version=&#8221;4.6.1&#8243; _module_preset=&#8221;default&#8221; background_color=&#8221;#ffffff&#8221; custom_padding=&#8221;20px|20px|20px|20px|false|false&#8221; border_radii=&#8221;on|10px|10px|10px|10px&#8221; border_width_all=&#8221;1px&#8221; border_color_all=&#8221;#df0023&#8243; box_shadow_style=&#8221;preset3&#8243; box_shadow_blur=&#8221;25px&#8221; box_shadow_color=&#8221;rgba(0,0,0,0.72)&#8221;][et_pb_text _builder_version=&#8221;4.6.1&#8243; _module_preset=&#8221;default&#8221; text_font=&#8221;|800|||||||&#8221; text_text_color=&#8221;#df0023&#8243; text_font_size=&#8221;53px&#8221; text_letter_spacing=&#8221;-3px&#8221; text_orientation=&#8221;center&#8221; custom_margin=&#8221;45px||81px||false|false&#8221;]IELTS[\/et_pb_text][et_pb_text _builder_version=&#8221;4.6.1&#8243; _module_preset=&#8221;default&#8221;]<\/p>\n<h4 style=\"text-align: left;\"><strong>IELTS<\/strong><\/h4>\n<p style=\"text-align: left;\"><span>Exigido por universidades e organiza\u00e7\u00f5es internacionais, para fins de cursos de p\u00f3s-gradua\u00e7\u00e3o ou imigra\u00e7\u00e3o.<\/span><\/p>\n<p>[\/et_pb_text][et_pb_button button_url=&#8221;https:\/\/examescomcultura.com.br\/2020\/ielts-2\/&#8221; button_text=&#8221;Saiba mais&#8221; _builder_version=&#8221;4.6.1&#8243; _module_preset=&#8221;default&#8221; custom_margin=&#8221;117px||||false|false&#8221;][\/et_pb_button][\/et_pb_column][\/et_pb_row][et_pb_row column_structure=&#8221;1_3,1_3,1_3&#8243; make_equal=&#8221;on&#8221; disabled_on=&#8221;on|on|on&#8221; _builder_version=&#8221;4.6.1&#8243; _module_preset=&#8221;default&#8221; min_height=&#8221;517.9px&#8221; disabled=&#8221;on&#8221;][et_pb_column type=&#8221;1_3&#8243; _builder_version=&#8221;4.6.1&#8243; _module_preset=&#8221;default&#8221; background_color=&#8221;#ffffff&#8221; custom_padding=&#8221;20px|20px|20px|20px|false|false&#8221; border_radii=&#8221;on|10px|10px|10px|10px&#8221; border_width_all=&#8221;1px&#8221; border_color_all=&#8221;#df0023&#8243; box_shadow_style=&#8221;preset3&#8243; box_shadow_color=&#8221;rgba(0,0,0,0.72)&#8221;][et_pb_image src=&#8221;https:\/\/examescomcultura.com.br\/2020\/wp-content\/uploads\/2020\/09\/TOEFL-1.png&#8221; title_text=&#8221;TOEFL-1&#8243; url_new_window=&#8221;on&#8221; _builder_version=&#8221;4.6.1&#8243; _module_preset=&#8221;default&#8221; border_radii=&#8221;on|10px|10px|10px|10px&#8221; locked=&#8221;off&#8221;][\/et_pb_image][et_pb_text admin_label=&#8221;Text&#8221; _builder_version=&#8221;4.6.1&#8243; _module_preset=&#8221;default&#8221; header_3_text_color=&#8221;#df0023&#8243;]<\/p>\n<h4 style=\"text-align: left;\"><strong>TOEFL<\/strong><\/h4>\n<p style=\"text-align: left;\"><span>Aceito em mais de 11 mil universidades e outras institui\u00e7\u00f5es em mais de 150 pa\u00edses, incluindo Austr\u00e1lia, Canad\u00e1, Estados Unidos, Nova Zel\u00e2ndia, Reino Unido e por toda a Europa e \u00c1sia.<\/span><\/p>\n<p>[\/et_pb_text][et_pb_button button_text=&#8221;Em breve&#8221; _builder_version=&#8221;4.6.1&#8243; _module_preset=&#8221;default&#8221; custom_margin=&#8221;68px||||false|false&#8221;][\/et_pb_button][\/et_pb_column][et_pb_column type=&#8221;1_3&#8243; disabled_on=&#8221;on|on|on&#8221; _builder_version=&#8221;4.6.1&#8243; _module_preset=&#8221;default&#8221; background_color=&#8221;#ffffff&#8221; custom_padding=&#8221;20px|20px|20px|20px|false|false&#8221; border_radii=&#8221;on|10px|10px|10px|10px&#8221; border_width_all=&#8221;1px&#8221; border_color_all=&#8221;#df0023&#8243; box_shadow_style=&#8221;preset3&#8243; box_shadow_color=&#8221;rgba(0,0,0,0.72)&#8221; disabled=&#8221;on&#8221;][\/et_pb_column][et_pb_column type=&#8221;1_3&#8243; disabled_on=&#8221;on|on|on&#8221; _builder_version=&#8221;4.6.1&#8243; _module_preset=&#8221;default&#8221; background_color=&#8221;#ffffff&#8221; custom_padding=&#8221;20px|20px|20px|20px|false|false&#8221; border_radii=&#8221;on|10px|10px|10px|10px&#8221; border_width_all=&#8221;1px&#8221; border_color_all=&#8221;#df0023&#8243; box_shadow_style=&#8221;preset3&#8243; box_shadow_color=&#8221;rgba(0,0,0,0.72)&#8221; disabled=&#8221;on&#8221;][\/et_pb_column][\/et_pb_row][\/et_pb_section]<\/p>\n","protected":false},"excerpt":{"rendered":"<p>[et_pb_section fb_built=&#8221;1&#8243; admin_label=&#8221;Banner&#8221; _builder_version=&#8221;4.6.1&#8243; _module_preset=&#8221;default&#8221; background_enable_color=&#8221;off&#8221; use_background_color_gradient=&#8221;on&#8221; background_color_gradient_start=&#8221;rgba(0,0,0,0.48)&#8221; background_color_gradient_end=&#8221;rgba(0,0,0,0.87)&#8221; background_color_gradient_overlays_image=&#8221;on&#8221; background_image=&#8221;https:\/\/examescomcultura.com.br\/2020\/wp-content\/uploads\/2020\/09\/london02.jpg&#8221; custom_margin=&#8221;||||false|false&#8221; custom_padding=&#8221;50px||0px||false|false&#8221; border_width_bottom=&#8221;3px&#8221; border_color_bottom=&#8221;#ffffff&#8221; locked=&#8221;off&#8221; collapsed=&#8221;on&#8221;][et_pb_row make_equal=&#8221;on&#8221; _builder_version=&#8221;4.6.1&#8243; _module_preset=&#8221;default&#8221; custom_margin=&#8221;||||false|false&#8221; custom_padding=&#8221;10px||10px||false|false&#8221;][et_pb_column type=&#8221;4_4&#8243; _builder_version=&#8221;4.6.1&#8243; _module_preset=&#8221;default&#8221;][et_pb_image src=&#8221;https:\/\/examescomcultura.com.br\/2020\/wp-content\/uploads\/2020\/09\/ExamesCulturaBranco.png&#8221; title_text=&#8221;ExamesCulturaBranco&#8221; align=&#8221;center&#8221; _builder_version=&#8221;4.6.1&#8243; _module_preset=&#8221;default&#8221; width=&#8221;500px&#8221; width_tablet=&#8221;&#8221; width_phone=&#8221;40vh&#8221; width_last_edited=&#8221;on|phone&#8221;][\/et_pb_image][et_pb_text disabled_on=&#8221;off|off|off&#8221; _builder_version=&#8221;4.6.1&#8243; _module_preset=&#8221;default&#8221; text_font=&#8221;Source Sans Pro||||||||&#8221; text_text_color=&#8221;#000000&#8243; text_font_size=&#8221;18px&#8221; header_font=&#8221;Source Sans Pro|900||on|||||&#8221; header_text_color=&#8221;#ffffff&#8221; header_font_size=&#8221;35px&#8221; header_3_font=&#8221;Source Sans Pro||||||||&#8221; header_3_text_color=&#8221;#ffffff&#8221; header_3_font_size=&#8221;20px&#8221; header_3_line_height=&#8221;1.4em&#8221; background_color=&#8221;rgba(10,10,10,0.42)&#8221; custom_margin=&#8221;0px|0px|0px|0px|false|false&#8221; [&hellip;]<\/p>\n","protected":false},"author":1,"featured_media":0,"parent":0,"menu_order":0,"comment_status":"closed","ping_status":"closed","template":"","meta":{"_et_pb_use_builder":"on","_et_pb_old_content":"","_et_gb_content_width":"","footnotes":""},"class_list":["post-95","page","type-page","status-publish","hentry"],"_links":{"self":[{"href":"https:\/\/examescomcultura.com.br\/2020\/wp-json\/wp\/v2\/pages\/95","targetHints":{"allow":["GET"]}}],"collection":[{"href":"https:\/\/examescomcultura.com.br\/2020\/wp-json\/wp\/v2\/pages"}],"about":[{"href":"https:\/\/examescomcultura.com.br\/2020\/wp-json\/wp\/v2\/types\/page"}],"author":[{"embeddable":true,"href":"https:\/\/examescomcultura.com.br\/2020\/wp-json\/wp\/v2\/users\/1"}],"replies":[{"embeddable":true,"href":"https:\/\/examescomcultura.com.br\/2020\/wp-json\/wp\/v2\/comments?post=95"}],"version-history":[{"count":37,"href":"https:\/\/examescomcultura.com.br\/2020\/wp-json\/wp\/v2\/pages\/95\/revisions"}],"predecessor-version":[{"id":577,"href":"https:\/\/examescomcultura.com.br\/2020\/wp-json\/wp\/v2\/pages\/95\/revisions\/577"}],"wp:attachment":[{"href":"https:\/\/examescomcultura.com.br\/2020\/wp-json\/wp\/v2\/media?parent=95"}],"curies":[{"name":"wp","href":"https:\/\/api.w.org\/{rel}","templated":true}]}}